{"id":822,"date":"2026-02-27T19:38:36","date_gmt":"2026-02-27T19:38:36","guid":{"rendered":"https:\/\/visionsportglobal.com\/?post_type=product&#038;p=822"},"modified":"2026-04-14T17:05:20","modified_gmt":"2026-04-14T17:05:20","slug":"activity-guard","status":"publish","type":"product","link":"https:\/\/visionsportglobal.com\/es\/producto\/activity-guard\/","title":{"rendered":"Activity Guard"},"content":{"rendered":"<p>Switch\u00ae Lock and Load\u2122\u00a0<strong>Activity Guard<\/strong>\u00a0converts your every day sunglasses to\u00a0versatile performance specific gear in seconds with magnetic interchangeable technology.\u00a0The\u00a0<strong>Activity Guard<\/strong>\u00a0screens out mild debris and wind. A soft closed cell cushion offers lightweight comfort and allows airflow with its integrated venting.<\/p>\n<p><em>*Activity Guard for RS-PPE TRBZ is a Snap-in solution without any magnets<\/em><\/p>","protected":false},"excerpt":{"rendered":"<p>Correa ajustable negra para la cabeza<\/p>\n<p>El protector de actividad Switch\u00ae Lock and Load\u2122 convierte tus gafas de sol de uso diario en un equipo vers\u00e1til y de alto rendimiento en segundos gracias a su tecnolog\u00eda magn\u00e9tica intercambiable.<\/p>","protected":false},"featured_media":824,"comment_status":"open","ping_status":"closed","template":"","meta":[],"product_brand":[180],"product_cat":[60],"product_tag":[],"class_list":{"0":"post-822","1":"product","2":"type-product","3":"status-publish","4":"has-post-thumbnail","6":"product_brand-rec-specs-by-liberty","7":"product_cat-accesorios","9":"first","10":"instock","11":"shipping-taxable","12":"purchasable","13":"product-type-simple"},"_links":{"self":[{"href":"https:\/\/visionsportglobal.com\/es\/wp-json\/wp\/v2\/product\/822","targetHints":{"allow":["GET"]}}],"collection":[{"href":"https:\/\/visionsportglobal.com\/es\/wp-json\/wp\/v2\/product"}],"about":[{"href":"https:\/\/visionsportglobal.com\/es\/wp-json\/wp\/v2\/types\/product"}],"replies":[{"embeddable":true,"href":"https:\/\/visionsportglobal.com\/es\/wp-json\/wp\/v2\/comments?post=822"}],"wp:featuredmedia":[{"embeddable":true,"href":"https:\/\/visionsportglobal.com\/es\/wp-json\/wp\/v2\/media\/824"}],"wp:attachment":[{"href":"https:\/\/visionsportglobal.com\/es\/wp-json\/wp\/v2\/media?parent=822"}],"wp:term":[{"taxonomy":"product_brand","embeddable":true,"href":"https:\/\/visionsportglobal.com\/es\/wp-json\/wp\/v2\/product_brand?post=822"},{"taxonomy":"product_cat","embeddable":true,"href":"https:\/\/visionsportglobal.com\/es\/wp-json\/wp\/v2\/product_cat?post=822"},{"taxonomy":"product_tag","embeddable":true,"href":"https:\/\/visionsportglobal.com\/es\/wp-json\/wp\/v2\/product_tag?post=822"}],"curies":[{"name":"wp","href":"https:\/\/api.w.org\/{rel}","templated":true}]}}