{"id":797,"date":"2026-02-25T18:26:46","date_gmt":"2026-02-25T18:26:46","guid":{"rendered":"https:\/\/visionsportglobal.com\/?post_type=product&#038;p=797"},"modified":"2026-04-14T17:54:34","modified_gmt":"2026-04-14T17:54:34","slug":"high-g","status":"publish","type":"product","link":"https:\/\/visionsportglobal.com\/es\/producto\/high-g\/","title":{"rendered":"High-G"},"content":{"rendered":"<div class=\"gtx-body\">\n<div class=\"gtx-body\">Un cl\u00e1sico redise\u00f1ado.<\/div>\n<div>\n<p>Las High-G son un cl\u00e1sico redise\u00f1ado que combina el estilo atemporal de las gafas de sol de aviador con el rendimiento y la tecnolog\u00eda Rec Specs. Con protectores laterales magn\u00e9ticos ventilados y desmontables (patente en tr\u00e1mite) y un cubrecejas extra\u00edble, estas monturas ofrecen protecci\u00f3n contra cualquier clima desde cualquier \u00e1ngulo, dos monturas en una. Este estilo unisex se adapta a diferentes tama\u00f1os de rostro y se puede ajustar para un ajuste seguro gracias a una bisagra flexible, una plaqueta nasal ajustable y patillas de alambre. Con \u00f3ptica de alta definici\u00f3n disponible en tres tonos de lente para adaptarse a su actividad, estas monturas est\u00e1n disponibles con su graduaci\u00f3n.<\/p>\n<p>TALLA: A:59 B:51 ED:67 DBL:15 TL:140<\/p>\n<p>&nbsp;<\/p>\n<\/div>\n<\/div>","protected":false},"excerpt":{"rendered":"<div class=\"gtx-body\">\n<div class=\"gtx-body\">\n<div class=\"gtx-body\">\n<div class=\"gtx-body\">\n<div class=\"gtx-body\">\n<div class=\"gtx-body\">\n<div class=\"gtx-body\">\n<div class=\"gtx-body\">\n<div class=\"gtx-body\">\n<div class=\"gtx-body\">\n<div class=\"rte\">\n<div class=\"metafield-rich_text_field\">\n<p>The High-G is a classic reengineered, bringing together the timeless aviator sunglass style with Rec Specs performance and technology. Featuring patent pending, vented snap-off magnetic side shields and a removeable brow cover, these frames offer all-weather protection from every angle and two frames in one. This unisex style suits a variety of face sizes and can be adjusted for a secure fit with a flex hinge, adjustable nose-pad and wire temples. With high-definition optics available in three lens tints to suit your activity, these frames are all available with your prescription.<\/p>\n<\/div>\n<\/div>\n<div class=\"rte\">\n<div class=\"metafield-rich_text_field\">\n<p><strong>SIZE:<\/strong> A:58.9 B:46.7 ED:64.5 DBL:11.2 TL:173.8<\/p>\n<\/div>\n<\/div>\n<\/div>\n<\/div>\n<\/div>\n<\/div>\n<\/div>\n<\/div>\n<\/div>\n<\/div>\n<\/div>\n<\/div>","protected":false},"featured_media":793,"comment_status":"open","ping_status":"closed","template":"","meta":[],"product_brand":[180],"product_cat":[217,58,32],"product_tag":[],"class_list":{"0":"post-797","1":"product","2":"type-product","3":"status-publish","4":"has-post-thumbnail","6":"product_brand-rec-specs-by-liberty","7":"product_cat-driving","8":"product_cat-motociclista","9":"product_cat-oftalmica-diaria","10":"pa_color-matte-black","11":"pa_color-matte-gunmetal","12":"pa_color-shiny-chrome","14":"first","15":"instock","16":"shipping-taxable","17":"purchasable","18":"product-type-variable"},"_links":{"self":[{"href":"https:\/\/visionsportglobal.com\/es\/wp-json\/wp\/v2\/product\/797","targetHints":{"allow":["GET"]}}],"collection":[{"href":"https:\/\/visionsportglobal.com\/es\/wp-json\/wp\/v2\/product"}],"about":[{"href":"https:\/\/visionsportglobal.com\/es\/wp-json\/wp\/v2\/types\/product"}],"replies":[{"embeddable":true,"href":"https:\/\/visionsportglobal.com\/es\/wp-json\/wp\/v2\/comments?post=797"}],"wp:featuredmedia":[{"embeddable":true,"href":"https:\/\/visionsportglobal.com\/es\/wp-json\/wp\/v2\/media\/793"}],"wp:attachment":[{"href":"https:\/\/visionsportglobal.com\/es\/wp-json\/wp\/v2\/media?parent=797"}],"wp:term":[{"taxonomy":"product_brand","embeddable":true,"href":"https:\/\/visionsportglobal.com\/es\/wp-json\/wp\/v2\/product_brand?post=797"},{"taxonomy":"product_cat","embeddable":true,"href":"https:\/\/visionsportglobal.com\/es\/wp-json\/wp\/v2\/product_cat?post=797"},{"taxonomy":"product_tag","embeddable":true,"href":"https:\/\/visionsportglobal.com\/es\/wp-json\/wp\/v2\/product_tag?post=797"}],"curies":[{"name":"wp","href":"https:\/\/api.w.org\/{rel}","templated":true}]}}